{"id":18,"date":"2017-10-16T09:16:22","date_gmt":"2017-10-16T07:16:22","guid":{"rendered":"http:\/\/eco-costruzioni.it\/mapjservice\/?page_id=18"},"modified":"2017-10-26T10:24:53","modified_gmt":"2017-10-26T08:24:53","slug":"lazienda","status":"publish","type":"page","link":"https:\/\/eco-costruzioni.it\/mapjservice\/lazienda\/","title":{"rendered":"L&#8217;azienda"},"content":{"rendered":"<div class=\"wpb-content-wrapper\"><p>[vc_row][vc_column][vc_custom_heading text=&#8221;L&#8217;Azienda&#8221; font_container=&#8221;tag:h2|font_size:35|text_align:left&#8221; google_fonts=&#8221;font_family:Architects%20Daughter%3Aregular|font_style:400%20regular%3A400%3Anormal&#8221;][vc_column_text]<img loading=\"lazy\" decoding=\"async\" class=\"alignright wp-image-85\" src=\"http:\/\/eco-costruzioni.it\/mapjservice\/wp-content\/uploads\/sites\/3\/2017\/10\/IMG_4269-300x225.jpg\" alt=\"\" width=\"470\" height=\"352\" srcset=\"https:\/\/eco-costruzioni.it\/mapjservice\/wp-content\/uploads\/sites\/3\/2017\/10\/IMG_4269-300x225.jpg 300w, https:\/\/eco-costruzioni.it\/mapjservice\/wp-content\/uploads\/sites\/3\/2017\/10\/IMG_4269-768x576.jpg 768w, https:\/\/eco-costruzioni.it\/mapjservice\/wp-content\/uploads\/sites\/3\/2017\/10\/IMG_4269.jpg 1024w\" sizes=\"(max-width: 470px) 100vw, 470px\" \/>L\u2019impresa edile Mapj Service, azienda dinamica e in continua crescita, sviluppa il suo core business in lavori di nuova costruzione\u00a0relativi a edilizia civile, industriale e pubblica, ristrutturazioni e restauri.<br \/>\nMapj Service \u00e8 in grado di offrire al cliente <strong>soluzioni \u201cchiavi in mano\u201d<\/strong>, gestendo l&#8217;intero progetto quale unico referente. Il servizio \u201cchiavi in mano\u201d\u00a0ha un grande ed evidente vantaggio: riunisce in un unico referente diverse tipologie e fasi di lavoro che avrebbero invece bisogno di molteplici figure professionali, difficili da coordinare tutte insieme e quindi il cliente \u00e8 sollevato da tutti gli impegni che deriverebbero da una formula diversa di realizzazione del progetto edilizio.<br \/>\nMapj Service si avvale di una fitta <strong>rete di artigiani fidelizzati<\/strong> per l\u2019esecuzione di tutte quelle opere specialistiche quali impianti idraulici ed elettrici, pavimenti, serramenti interni ed esterni, per proporre soluzioni eccellenti e di massimo rilievo.<br \/>\nLa caratteristica principale che contraddistingue Mapj Service \u00e8 sicuramente l\u2019<strong>affidabilit\u00e0 e la correttezza<\/strong> nello svolgere la sua attivit\u00e0. La qualit\u00e0 \u00e8 garantita con l\u2019impiego di soluzioni e prodotti all\u2019avanguardia che consentono di ottenere lavori eseguiti a regola d\u2019arte.<br \/>\nGrazie allo staff di esperti cos\u00ec completo e preparato professionalmente sulle specifiche tematiche edilizie, si offre sempre una soluzione per qualsiasi esigenza edilizia.<\/p>\n<p>I numerosi <strong>anni di esperienza nel settore<\/strong>, permettono di garantire la cura di ogni singolo dettaglio, e proporre soluzioni sempre originali e rispondere a tutte le esigenze della clientela.<br \/>\nL\u2019 utilizzo di mezzi d\u2019ultima generazione e la padronanza del mestiere, permettono di far fronte ad ogni problematica costruttiva, in modo da valutare le esigenze abitative e ottimizzare le soluzioni per ogni singolo cliente.[\/vc_column_text][\/vc_column][\/vc_row]<\/p>\n<\/div>","protected":false},"excerpt":{"rendered":"<p>[vc_row][vc_column][vc_custom_heading text=&#8221;L&#8217;Azienda&#8221; font_container=&#8221;tag:h2|font_size:35|text_align:left&#8221; google_fonts=&#8221;font_family:Architects%20Daughter%3Aregular|font_style:400%20regular%3A400%3Anormal&#8221;][vc_column_text]L\u2019impresa edile Mapj Service, azienda dinamica e in continua crescita, sviluppa il suo core business in lavori di nuova costruzione\u00a0relativi a edilizia civile, industriale e pubblica, ristrutturazioni e restauri. Mapj Service \u00e8 in grado di offrire al cliente soluzioni \u201cchiavi in mano\u201d, gestendo l&#8217;intero progetto quale unico referente. Il servizio \u201cchiavi in<br \/><a href=\"https:\/\/eco-costruzioni.it\/mapjservice\/lazienda\/\" class=\"more\">Read more<\/a><\/p>\n","protected":false},"author":1,"featured_media":0,"parent":0,"menu_order":0,"comment_status":"closed","ping_status":"closed","template":"","meta":{"om_disable_all_campaigns":false,"_exactmetrics_skip_tracking":false,"_exactmetrics_sitenote_active":false,"_exactmetrics_sitenote_note":"","_exactmetrics_sitenote_category":0,"_uf_show_specific_survey":0,"_uf_disable_surveys":false,"footnotes":""},"class_list":["post-18","page","type-page","status-publish","hentry"],"_links":{"self":[{"href":"https:\/\/eco-costruzioni.it\/mapjservice\/wp-json\/wp\/v2\/pages\/18"}],"collection":[{"href":"https:\/\/eco-costruzioni.it\/mapjservice\/wp-json\/wp\/v2\/pages"}],"about":[{"href":"https:\/\/eco-costruzioni.it\/mapjservice\/wp-json\/wp\/v2\/types\/page"}],"author":[{"embeddable":true,"href":"https:\/\/eco-costruzioni.it\/mapjservice\/wp-json\/wp\/v2\/users\/1"}],"replies":[{"embeddable":true,"href":"https:\/\/eco-costruzioni.it\/mapjservice\/wp-json\/wp\/v2\/comments?post=18"}],"version-history":[{"count":10,"href":"https:\/\/eco-costruzioni.it\/mapjservice\/wp-json\/wp\/v2\/pages\/18\/revisions"}],"predecessor-version":[{"id":129,"href":"https:\/\/eco-costruzioni.it\/mapjservice\/wp-json\/wp\/v2\/pages\/18\/revisions\/129"}],"wp:attachment":[{"href":"https:\/\/eco-costruzioni.it\/mapjservice\/wp-json\/wp\/v2\/media?parent=18"}],"curies":[{"name":"wp","href":"https:\/\/api.w.org\/{rel}","templated":true}]}}